{"id":1435,"date":"2025-09-18T18:55:24","date_gmt":"2025-09-18T18:55:24","guid":{"rendered":"https:\/\/petralis.net\/prueba\/?page_id=1435"},"modified":"2026-03-04T17:32:12","modified_gmt":"2026-03-04T17:32:12","slug":"sobre-nosotros","status":"publish","type":"page","link":"https:\/\/petralis.net\/prueba\/sobre-nosotros\/","title":{"rendered":"Sobre Nosotros"},"content":{"rendered":"\t\t<div data-elementor-type=\"wp-page\" data-elementor-id=\"1435\" class=\"elementor elementor-1435\">\n\t\t\t\t<div class=\"elementor-element elementor-element-19b8c8c e-flex e-con-boxed e-con e-parent\" data-id=\"19b8c8c\" data-element_type=\"container\" data-e-type=\"container\" data-settings=\"{&quot;background_background&quot;:&quot;classic&quot;}\">\n\t\t\t\t\t<div class=\"e-con-inner\">\n\t\t<div class=\"elementor-element elementor-element-372848a e-con-full e-flex e-con e-child\" data-id=\"372848a\" data-element_type=\"container\" data-e-type=\"container\">\n\t\t\t\t<div class=\"elementor-element elementor-element-0ccf104 elementor-widget elementor-widget-heading\" data-id=\"0ccf104\" data-element_type=\"widget\" data-e-type=\"widget\" data-widget_type=\"heading.default\">\n\t\t\t\t<div class=\"elementor-widget-container\">\n\t\t\t\t\t<h1 class=\"elementor-heading-title elementor-size-default\">Sobre Nosotros<\/h1>\t\t\t\t<\/div>\n\t\t\t\t<\/div>\n\t\t\t\t<\/div>\n\t\t\t\t\t<\/div>\n\t\t\t\t<\/div>\n\t\t<div class=\"elementor-element elementor-element-8338255 e-flex e-con-boxed e-con e-parent\" data-id=\"8338255\" data-element_type=\"container\" data-e-type=\"container\" data-settings=\"{&quot;background_background&quot;:&quot;classic&quot;}\">\n\t\t\t\t\t<div class=\"e-con-inner\">\n\t\t<div class=\"elementor-element elementor-element-87eb59b e-con-full e-flex e-con e-child\" data-id=\"87eb59b\" data-element_type=\"container\" data-e-type=\"container\">\n\t\t\t\t<div class=\"elementor-element elementor-element-925cef2 elementor-invisible elementor-widget elementor-widget-heading\" data-id=\"925cef2\" data-element_type=\"widget\" data-e-type=\"widget\" data-settings=\"{&quot;_animation&quot;:&quot;fadeInUp&quot;}\" data-widget_type=\"heading.default\">\n\t\t\t\t<div class=\"elementor-widget-container\">\n\t\t\t\t\t<h3 class=\"elementor-heading-title elementor-size-default\">Quienes somos<\/h3>\t\t\t\t<\/div>\n\t\t\t\t<\/div>\n\t\t\t\t<div class=\"elementor-element elementor-element-012d882 elementor-invisible elementor-widget elementor-widget-heading\" data-id=\"012d882\" data-element_type=\"widget\" data-e-type=\"widget\" data-settings=\"{&quot;_animation&quot;:&quot;fadeInUp&quot;}\" data-widget_type=\"heading.default\">\n\t\t\t\t<div class=\"elementor-widget-container\">\n\t\t\t\t\t<h2 class=\"elementor-heading-title elementor-size-default\">Somos una empresa de vanguardia en el mercado de Hidrocarburos<\/h2>\t\t\t\t<\/div>\n\t\t\t\t<\/div>\n\t\t\t\t<div class=\"elementor-element elementor-element-35ebd54 elementor-invisible elementor-widget elementor-widget-text-editor\" data-id=\"35ebd54\" data-element_type=\"widget\" data-e-type=\"widget\" data-settings=\"{&quot;_animation&quot;:&quot;fadeInUp&quot;}\" data-widget_type=\"text-editor.default\">\n\t\t\t\t<div class=\"elementor-widget-container\">\n\t\t\t\t\t\t\t\t\t<p>Desde nuestra fundaci\u00f3n en <b>2016<\/b>, nos hemos consolidado como una empresa l\u00edder en el <b>sector Upstream<\/b> de la industria de <b>hidrocarburos<\/b>.<\/p><p>Nuestro n\u00facleo de especializaci\u00f3n radica en la exploraci\u00f3n y producci\u00f3n de petr\u00f3leo y gas, ofreciendo una amplia gama de servicios de alta calidad y soluciones integrales que abarcan la totalidad del ciclo de vida de los proyectos petroleros.<\/p><p>Nuestro compromiso va m\u00e1s all\u00e1 de la simple prestaci\u00f3n de servicios. Nos esforzamos por ser un socio estrat\u00e9gico para nuestros clientes, ayud\u00e1ndoles a alcanzar sus objetivos de negocio. Para lograrlo, integramos tecnolog\u00eda de punta y metodolog\u00edas innovadoras en cada proyecto, asegurando resultados precisos y eficientes.<\/p>\t\t\t\t\t\t\t\t<\/div>\n\t\t\t\t<\/div>\n\t\t\t\t<\/div>\n\t\t\t\t\t<\/div>\n\t\t\t\t<\/div>\n\t\t<div class=\"elementor-element elementor-element-f9744cf e-flex e-con-boxed e-con e-parent\" data-id=\"f9744cf\" data-element_type=\"container\" data-e-type=\"container\" data-settings=\"{&quot;background_background&quot;:&quot;classic&quot;}\">\n\t\t\t\t\t<div class=\"e-con-inner\">\n\t\t<div class=\"elementor-element elementor-element-91f6103 e-con-full e-flex e-con e-child\" data-id=\"91f6103\" data-element_type=\"container\" data-e-type=\"container\">\n\t\t\t\t<div class=\"elementor-element elementor-element-a6a3419 elementor-widget elementor-widget-heading\" data-id=\"a6a3419\" data-element_type=\"widget\" data-e-type=\"widget\" data-widget_type=\"heading.default\">\n\t\t\t\t<div class=\"elementor-widget-container\">\n\t\t\t\t\t<h3 class=\"elementor-heading-title elementor-size-default\">Nuestro Equipo<\/h3>\t\t\t\t<\/div>\n\t\t\t\t<\/div>\n\t\t\t\t<div class=\"elementor-element elementor-element-1e6e685 elementor-widget elementor-widget-heading\" data-id=\"1e6e685\" data-element_type=\"widget\" data-e-type=\"widget\" data-widget_type=\"heading.default\">\n\t\t\t\t<div class=\"elementor-widget-container\">\n\t\t\t\t\t<h2 class=\"elementor-heading-title elementor-size-default\">Los Expertos<\/h2>\t\t\t\t<\/div>\n\t\t\t\t<\/div>\n\t\t<div class=\"elementor-element elementor-element-ab82582 e-con-full e-flex e-con e-child\" data-id=\"ab82582\" data-element_type=\"container\" data-e-type=\"container\">\n\t\t<div class=\"elementor-element elementor-element-9b5c045 e-con-full e-flex e-con e-child\" data-id=\"9b5c045\" data-element_type=\"container\" data-e-type=\"container\">\n\t\t\t\t<div class=\"elementor-element elementor-element-93154b4 elementor-widget elementor-widget-image-box\" data-id=\"93154b4\" data-element_type=\"widget\" data-e-type=\"widget\" data-widget_type=\"image-box.default\">\n\t\t\t\t<div class=\"elementor-widget-container\">\n\t\t\t\t\t<div class=\"elementor-image-box-wrapper\"><div class=\"elementor-image-box-content\"><h3 class=\"elementor-image-box-title\">Juan Cristobal Romero<\/h3><p class=\"elementor-image-box-description\"><b>Director<\/b>.Economista Petrolero. <br>Experto en modelo de negocios, procura de equipos, evaluaci\u00f3n de oportunidades de  inversi\u00f3n, dise\u00f1o y  planificaci\u00f3n financiera y colocaci\u00f3n de deuda en el mercado de capitales, an\u00e1lisis de mercado energ\u00e9tico y  petrolero.\n<\/p><\/div><\/div>\t\t\t\t<\/div>\n\t\t\t\t<\/div>\n\t\t\t\t<\/div>\n\t\t<div class=\"elementor-element elementor-element-a3d8c55 e-con-full e-flex e-con e-child\" data-id=\"a3d8c55\" data-element_type=\"container\" data-e-type=\"container\">\n\t\t\t\t<div class=\"elementor-element elementor-element-07ec586 elementor-widget elementor-widget-image-box\" data-id=\"07ec586\" data-element_type=\"widget\" data-e-type=\"widget\" data-widget_type=\"image-box.default\">\n\t\t\t\t<div class=\"elementor-widget-container\">\n\t\t\t\t\t<div class=\"elementor-image-box-wrapper\"><div class=\"elementor-image-box-content\"><h3 class=\"elementor-image-box-title\">George Wright<\/h3><p class=\"elementor-image-box-description\"><b>Director de Eploraci\u00f3n y Producci\u00f3n<\/b>\nExperto en subsuelo y  superficie, planificador  de campa\u00f1as de  perforaci\u00f3n, planificador  de pozos, experto en  perforaci\u00f3n direccional, reentries, sidetracks, fishing, snubbing, manejo y remediaci\u00f3n de fosas, Licuefacci\u00f3n de Gas, manejo de condensados, etc.\nExperto en reactivaci\u00f3n y rehabilitaci\u00f3n de pozos.\n<\/p><\/div><\/div>\t\t\t\t<\/div>\n\t\t\t\t<\/div>\n\t\t\t\t<\/div>\n\t\t\t\t<\/div>\n\t\t\t\t<\/div>\n\t\t\t\t\t<\/div>\n\t\t\t\t<\/div>\n\t\t<div class=\"elementor-element elementor-element-8897379 e-flex e-con-boxed e-con e-parent\" data-id=\"8897379\" data-element_type=\"container\" data-e-type=\"container\">\n\t\t\t\t\t<div class=\"e-con-inner\">\n\t\t\t\t<div class=\"elementor-element elementor-element-c623c5f elementor-widget elementor-widget-spacer\" data-id=\"c623c5f\" data-element_type=\"widget\" data-e-type=\"widget\" data-widget_type=\"spacer.default\">\n\t\t\t\t<div class=\"elementor-widget-container\">\n\t\t\t\t\t\t\t<div class=\"elementor-spacer\">\n\t\t\t<div class=\"elementor-spacer-inner\"><\/div>\n\t\t<\/div>\n\t\t\t\t\t\t<\/div>\n\t\t\t\t<\/div>\n\t\t\t\t\t<\/div>\n\t\t\t\t<\/div>\n\t\t\t\t<\/div>\n\t\t","protected":false},"excerpt":{"rendered":"<p>Sobre Nosotros Quienes somos Somos una empresa de vanguardia en el mercado de Hidrocarburos Desde nuestra fundaci\u00f3n en 2016, nos hemos consolidado como una empresa l\u00edder en el sector Upstream de la industria de hidrocarburos. Nuestro n\u00facleo de especializaci\u00f3n radica en la exploraci\u00f3n y producci\u00f3n de petr\u00f3leo y gas, ofreciendo una amplia gama de servicios [&hellip;]<\/p>\n","protected":false},"author":2,"featured_media":0,"parent":0,"menu_order":0,"comment_status":"closed","ping_status":"closed","template":"","meta":{"site-sidebar-layout":"no-sidebar","site-content-layout":"page-builder","ast-site-content-layout":"default","site-content-style":"default","site-sidebar-style":"default","ast-global-header-display":"","ast-banner-title-visibility":"","ast-main-header-display":"","ast-hfb-above-header-display":"","ast-hfb-below-header-display":"","ast-hfb-mobile-header-display":"","site-post-title":"disabled","ast-breadcrumbs-content":"disabled","ast-featured-img":"disabled","footer-sml-layout":"","theme-transparent-header-meta":"enabled","adv-header-id-meta":"","stick-header-meta":"","header-above-stick-meta":"","header-main-stick-meta":"","header-below-stick-meta":"","astra-migrate-meta-layouts":"default","ast-page-background-enabled":"default","ast-page-background-meta":{"desktop":{"background-color":"var(--ast-global-color-4)","background-image":"","background-repeat":"repeat","background-position":"center center","background-size":"auto","background-attachment":"scroll","background-type":"","background-media":"","overlay-type":"","overlay-color":"","overlay-opacity":"","overlay-gradient":""},"tablet":{"background-color":"","background-image":"","background-repeat":"repeat","background-position":"center center","background-size":"auto","background-attachment":"scroll","background-type":"","background-media":"","overlay-type":"","overlay-color":"","overlay-opacity":"","overlay-gradient":""},"mobile":{"background-color":"","background-image":"","background-repeat":"repeat","background-position":"center center","background-size":"auto","background-attachment":"scroll","background-type":"","background-media":"","overlay-type":"","overlay-color":"","overlay-opacity":"","overlay-gradient":""}},"ast-content-background-meta":{"desktop":{"background-color":"var(--ast-global-color-5)","background-image":"","background-repeat":"repeat","background-position":"center center","background-size":"auto","background-attachment":"scroll","background-type":"","background-media":"","overlay-type":"","overlay-color":"","overlay-opacity":"","overlay-gradient":""},"tablet":{"background-color":"var(--ast-global-color-5)","background-image":"","background-repeat":"repeat","background-position":"center center","background-size":"auto","background-attachment":"scroll","background-type":"","background-media":"","overlay-type":"","overlay-color":"","overlay-opacity":"","overlay-gradient":""},"mobile":{"background-color":"var(--ast-global-color-5)","background-image":"","background-repeat":"repeat","background-position":"center center","background-size":"auto","background-attachment":"scroll","background-type":"","background-media":"","overlay-type":"","overlay-color":"","overlay-opacity":"","overlay-gradient":""}},"footnotes":""},"class_list":["post-1435","page","type-page","status-publish","hentry"],"_links":{"self":[{"href":"https:\/\/petralis.net\/prueba\/wp-json\/wp\/v2\/pages\/1435","targetHints":{"allow":["GET"]}}],"collection":[{"href":"https:\/\/petralis.net\/prueba\/wp-json\/wp\/v2\/pages"}],"about":[{"href":"https:\/\/petralis.net\/prueba\/wp-json\/wp\/v2\/types\/page"}],"author":[{"embeddable":true,"href":"https:\/\/petralis.net\/prueba\/wp-json\/wp\/v2\/users\/2"}],"replies":[{"embeddable":true,"href":"https:\/\/petralis.net\/prueba\/wp-json\/wp\/v2\/comments?post=1435"}],"version-history":[{"count":37,"href":"https:\/\/petralis.net\/prueba\/wp-json\/wp\/v2\/pages\/1435\/revisions"}],"predecessor-version":[{"id":1836,"href":"https:\/\/petralis.net\/prueba\/wp-json\/wp\/v2\/pages\/1435\/revisions\/1836"}],"wp:attachment":[{"href":"https:\/\/petralis.net\/prueba\/wp-json\/wp\/v2\/media?parent=1435"}],"curies":[{"name":"wp","href":"https:\/\/api.w.org\/{rel}","templated":true}]}}